{"id":2,"date":"2017-10-20T12:57:11","date_gmt":"2017-10-20T12:57:11","guid":{"rendered":"http:\/\/xeitoabogados.com\/blog\/?page_id=2"},"modified":"2020-05-18T11:38:59","modified_gmt":"2020-05-18T11:38:59","slug":"despacho-de-abogados-en-coruna","status":"publish","type":"page","link":"https:\/\/xeitoabogados.com\/blog\/despacho-de-abogados-en-coruna\/","title":{"rendered":"Sobre Nosotros"},"content":{"rendered":"<p>Somos un Despacho de abogados con m\u00e1s de 10 a\u00f1os de experiencia y con una amplia lista de clientes que no solo avalan nuestro trabajo, sino que nos sit\u00faan como uno de los despachos de abogados m\u00e1s competitivos y de referencia del sector en toda Coru\u00f1a y el resto de Galicia.<\/p>\n<p>Xeito Abogados nace de la uni\u00f3n de abogados especializados en distintos campos del derecho. Fue fundado en el 2019 como respuesta a una alta demanda de profesionales honestos y con amplia experiencia, avalada no solo por los a\u00f1os de experiencia sino por los resultados obtenidos a lo largo de los a\u00f1os<\/p>\n<p>Nuestro equipo destaca por estar formado por profesionales con amplia experiencia y en constante formaci\u00f3n en las distintas disciplinas, metodolog\u00edas de trabajo y de las nuevas herramientas tecnol\u00f3gicas, para as\u00ed, dar el mejor servicio a nuestros clientes.<\/p>\n<p>Trabajamos con el objetivo de mejorar continuamente nuestros servicios, pudiendo as\u00ed, cumplir con las expectativas de nuestros clientes y del mercado actual.<\/p>\n","protected":false},"excerpt":{"rendered":"<p>Somos un Despacho de abogados con m\u00e1s de 10 a\u00f1os de experiencia y con una amplia lista de clientes que no solo avalan nuestro trabajo, sino que nos sit\u00faan como uno de los despachos de abogados m\u00e1s competitivos y de referencia del sector en toda Coru\u00f1a y el resto de Galicia. Xeito Abogados nace de [&hellip;]<\/p>\n","protected":false},"author":1,"featured_media":21,"parent":0,"menu_order":0,"comment_status":"closed","ping_status":"open","template":"","meta":[],"yoast_head":"<!-- This site is optimized with the Yoast SEO plugin v15.4 - https:\/\/yoast.com\/wordpress\/plugins\/seo\/ -->\n<title>Sobre Nosotros - Blog Xeito Abogados<\/title>\n<meta name=\"description\" content=\"Somos un despacho de abogados radicado en A Coru\u00f1a con presencia a nivel nacional, con m\u00e1s de 10 a\u00f1os de experiencia en derecho penal, civil y laboral.\" \/>\n<meta name=\"robots\" content=\"index, follow, max-snippet:-1, max-image-preview:large, max-video-preview:-1\" \/>\n<link rel=\"canonical\" href=\"http:\/\/xeitoabogados.com\/blog\/despacho-de-abogados-en-coruna\/\" \/>\n<meta property=\"og:locale\" content=\"es_ES\" \/>\n<meta property=\"og:type\" content=\"article\" \/>\n<meta property=\"og:title\" content=\"Sobre Nosotros - Blog Xeito Abogados\" \/>\n<meta property=\"og:description\" content=\"Somos un despacho de abogados radicado en A Coru\u00f1a con presencia a nivel nacional, con m\u00e1s de 10 a\u00f1os de experiencia en derecho penal, civil y laboral.\" \/>\n<meta property=\"og:url\" content=\"http:\/\/xeitoabogados.com\/blog\/despacho-de-abogados-en-coruna\/\" \/>\n<meta property=\"og:site_name\" content=\"Blog Xeito Abogados\" \/>\n<meta property=\"article:publisher\" content=\"https:\/\/www.facebook.com\/XeitoAbogados\/\" \/>\n<meta property=\"article:modified_time\" content=\"2020-05-18T11:38:59+00:00\" \/>\n<meta property=\"og:image\" content=\"https:\/\/xeitoabogados.com\/blog\/wp-content\/uploads\/2020\/05\/imagenlogo-1.jpg\" \/>\n\t<meta property=\"og:image:width\" content=\"2083\" \/>\n\t<meta property=\"og:image:height\" content=\"520\" \/>\n<meta name=\"twitter:card\" content=\"summary_large_image\" \/>\n<meta name=\"twitter:label1\" content=\"Escrito por\">\n\t<meta name=\"twitter:data1\" content=\"admin\">\n\t<meta name=\"twitter:label2\" content=\"Tiempo de lectura\">\n\t<meta name=\"twitter:data2\" content=\"1 minuto\">\n<script type=\"application\/ld+json\" class=\"yoast-schema-graph\">{\"@context\":\"https:\/\/schema.org\",\"@graph\":[{\"@type\":\"WebSite\",\"@id\":\"http:\/\/xeitoabogados.com\/blog\/#website\",\"url\":\"http:\/\/xeitoabogados.com\/blog\/\",\"name\":\"Blog Xeito Abogados\",\"description\":\"Blog de divulgaci&oacute;n legal\",\"potentialAction\":[{\"@type\":\"SearchAction\",\"target\":\"http:\/\/xeitoabogados.com\/blog\/?s={search_term_string}\",\"query-input\":\"required name=search_term_string\"}],\"inLanguage\":\"es\"},{\"@type\":\"ImageObject\",\"@id\":\"http:\/\/xeitoabogados.com\/blog\/despacho-de-abogados-en-coruna\/#primaryimage\",\"inLanguage\":\"es\",\"url\":\"https:\/\/xeitoabogados.com\/blog\/wp-content\/uploads\/2020\/05\/imagenlogo-1.jpg\",\"width\":2083,\"height\":520,\"caption\":\"Xeito Abogados\"},{\"@type\":\"WebPage\",\"@id\":\"http:\/\/xeitoabogados.com\/blog\/despacho-de-abogados-en-coruna\/#webpage\",\"url\":\"http:\/\/xeitoabogados.com\/blog\/despacho-de-abogados-en-coruna\/\",\"name\":\"Sobre Nosotros - Blog Xeito Abogados\",\"isPartOf\":{\"@id\":\"http:\/\/xeitoabogados.com\/blog\/#website\"},\"primaryImageOfPage\":{\"@id\":\"http:\/\/xeitoabogados.com\/blog\/despacho-de-abogados-en-coruna\/#primaryimage\"},\"datePublished\":\"2017-10-20T12:57:11+00:00\",\"dateModified\":\"2020-05-18T11:38:59+00:00\",\"description\":\"Somos un despacho de abogados radicado en A Coru\\u00f1a con presencia a nivel nacional, con m\\u00e1s de 10 a\\u00f1os de experiencia en derecho penal, civil y laboral.\",\"inLanguage\":\"es\",\"potentialAction\":[{\"@type\":\"ReadAction\",\"target\":[\"http:\/\/xeitoabogados.com\/blog\/despacho-de-abogados-en-coruna\/\"]}]},{\"@type\":\"Place\",\"@id\":\"http:\/\/xeitoabogados.com\/blog\/despacho-de-abogados-en-coruna\/#local-place\",\"address\":{\"@type\":\"PostalAddress\",\"@id\":\"http:\/\/xeitoabogados.com\/blog\/despacho-de-abogados-en-coruna\/#local-place-address\",\"streetAddress\":\"Federico Tapia n\\u00ba 65 - 1\\u00ba Derecha\",\"addressLocality\":\"La Coru\\u00f1a\",\"postalCode\":\"15005\",\"addressRegion\":\"A Coru\\u00f1a\",\"addressCountry\":\"ES\"},\"geo\":{\"@type\":\"GeoCoordinates\",\"latitude\":\"\",\"longitude\":\"\"},\"openingHoursSpecification\":[{\"@type\":\"OpeningHoursSpecification\",\"dayOfWeek\":[\"Monday\",\"Tuesday\",\"Wednesday\",\"Thursday\",\"Friday\",\"Saturday\",\"Sunday\"],\"opens\":\"09:00\",\"closes\":\"20:00\"}],\"telephone\":\"981 881 25 94 94\"}]}<\/script>\n<!-- \/ Yoast SEO plugin. -->","_links":{"self":[{"href":"https:\/\/xeitoabogados.com\/blog\/wp-json\/wp\/v2\/pages\/2"}],"collection":[{"href":"https:\/\/xeitoabogados.com\/blog\/wp-json\/wp\/v2\/pages"}],"about":[{"href":"https:\/\/xeitoabogados.com\/blog\/wp-json\/wp\/v2\/types\/page"}],"author":[{"embeddable":true,"href":"https:\/\/xeitoabogados.com\/blog\/wp-json\/wp\/v2\/users\/1"}],"replies":[{"embeddable":true,"href":"https:\/\/xeitoabogados.com\/blog\/wp-json\/wp\/v2\/comments?post=2"}],"version-history":[{"count":2,"href":"https:\/\/xeitoabogados.com\/blog\/wp-json\/wp\/v2\/pages\/2\/revisions"}],"predecessor-version":[{"id":15,"href":"https:\/\/xeitoabogados.com\/blog\/wp-json\/wp\/v2\/pages\/2\/revisions\/15"}],"wp:featuredmedia":[{"embeddable":true,"href":"https:\/\/xeitoabogados.com\/blog\/wp-json\/wp\/v2\/media\/21"}],"wp:attachment":[{"href":"https:\/\/xeitoabogados.com\/blog\/wp-json\/wp\/v2\/media?parent=2"}],"curies":[{"name":"wp","href":"https:\/\/api.w.org\/{rel}","templated":true}]}}